{"id":31,"date":"2017-04-28T06:45:51","date_gmt":"2017-04-28T04:45:51","guid":{"rendered":"https:\/\/app-dromtrappor.iyvmxlwvf7-ypj68nz7v6l2.p.temp-site.link\/stepwize-tre-steg-till-ny-trappa\/"},"modified":"2025-02-13T09:44:14","modified_gmt":"2025-02-13T08:44:14","slug":"stepwize-three-steps-to-new-stairs","status":"publish","type":"page","link":"https:\/\/dromtrappor.se.hemsida.eu\/en\/stepwize-three-steps-to-new-stairs\/","title":{"rendered":"STEPWISE"},"content":{"rendered":"","protected":false},"excerpt":{"rendered":"<p>Det har aldrig varit enklare och tryggare att k\u00f6pa en trappa. F\u00f6lj bara STEPWIZE s\u00e5 st\u00e5r du snart vid foten av en ny trappa.<\/p>\n<p>Vi hj\u00e4lper dig i allt fr\u00e5n designval till montage s\u00e5 att slutresultatet garanterat blir lyckat. STEPWIZE \u00e4r v\u00e5r trygga och enkla process som hj\u00e4lper dig fr\u00e5n start till m\u00e5l.<\/p>","protected":false},"author":1,"featured_media":0,"parent":0,"menu_order":6,"comment_status":"closed","ping_status":"closed","template":"","meta":{"_acf_changed":false,"footnotes":""},"sidtyp":[],"class_list":["post-31","page","type-page","status-publish","hentry"],"acf":[],"_links":{"self":[{"href":"https:\/\/dromtrappor.se.hemsida.eu\/en\/wp-json\/wp\/v2\/pages\/31","targetHints":{"allow":["GET"]}}],"collection":[{"href":"https:\/\/dromtrappor.se.hemsida.eu\/en\/wp-json\/wp\/v2\/pages"}],"about":[{"href":"https:\/\/dromtrappor.se.hemsida.eu\/en\/wp-json\/wp\/v2\/types\/page"}],"author":[{"embeddable":true,"href":"https:\/\/dromtrappor.se.hemsida.eu\/en\/wp-json\/wp\/v2\/users\/1"}],"replies":[{"embeddable":true,"href":"https:\/\/dromtrappor.se.hemsida.eu\/en\/wp-json\/wp\/v2\/comments?post=31"}],"version-history":[{"count":5,"href":"https:\/\/dromtrappor.se.hemsida.eu\/en\/wp-json\/wp\/v2\/pages\/31\/revisions"}],"predecessor-version":[{"id":25299,"href":"https:\/\/dromtrappor.se.hemsida.eu\/en\/wp-json\/wp\/v2\/pages\/31\/revisions\/25299"}],"wp:attachment":[{"href":"https:\/\/dromtrappor.se.hemsida.eu\/en\/wp-json\/wp\/v2\/media?parent=31"}],"wp:term":[{"taxonomy":"sidtyp","embeddable":true,"href":"https:\/\/dromtrappor.se.hemsida.eu\/en\/wp-json\/wp\/v2\/sidtyp?post=31"}],"curies":[{"name":"wp","href":"https:\/\/api.w.org\/{rel}","templated":true}]}}