{"id":57,"date":"2017-09-19T11:21:54","date_gmt":"2017-09-19T09:21:54","guid":{"rendered":"https:\/\/app-dromtrappor.iyvmxlwvf7-ypj68nz7v6l2.p.temp-site.link\/inomhustrappor\/tillval-och-tillbehor\/traslag\/"},"modified":"2025-01-27T15:14:15","modified_gmt":"2025-01-27T14:14:15","slug":"layer-of-rags","status":"publish","type":"page","link":"https:\/\/dromtrappor.se.hemsida.eu\/en\/indoor-stairs\/options-and-accessories\/layer-of-rags\/","title":{"rendered":"Kind of wood"},"content":{"rendered":"<p>The stairs are made of glued joints in solid wood with continuous slats arranged in harmonious patterns.<\/p>\n<p>Longitudinal joints occur exceptionally with long lengths. Glue joint of solid wood maintains a wood moisture ratio of 7-10 %. The quality description below applies to visible pages (top pages). Step undersides are made in almost lower quality. The color print may differ from the actual colors. Contact us for more information and to order samples.<\/p>","protected":false},"excerpt":{"rendered":"<p>Trapporna tillverkas av limfog i massivtr\u00e4 med genomg\u00e5ende lameller sorterade i harmoniska m\u00f6nster. L\u00e4ngdskarvar f\u00f6rekommer undantagsvis vid l\u00e5nga l\u00e4ngder. Limfog av massivtr\u00e4 h\u00e5ller en tr\u00e4fuktkvot p\u00e5 7-10 %. Nedanst\u00e5ende kvalitetsbeskrivning g\u00e4ller f\u00f6r synliga sidor (ovansidor). Stegundersidor utf\u00f6rs i n\u00e4rmast l\u00e4gre kvalitet. F\u00e4rgtrycket kan avvika fr\u00e5n de verkliga f\u00e4rgerna. Kontakta oss f\u00f6r n\u00e4rmare information och best\u00e4llning av prover.<\/p>","protected":false},"author":1,"featured_media":0,"parent":56,"menu_order":0,"comment_status":"closed","ping_status":"closed","template":"","meta":{"_acf_changed":false,"footnotes":""},"sidtyp":[],"class_list":["post-57","page","type-page","status-publish","hentry"],"acf":[],"_links":{"self":[{"href":"https:\/\/dromtrappor.se.hemsida.eu\/en\/wp-json\/wp\/v2\/pages\/57","targetHints":{"allow":["GET"]}}],"collection":[{"href":"https:\/\/dromtrappor.se.hemsida.eu\/en\/wp-json\/wp\/v2\/pages"}],"about":[{"href":"https:\/\/dromtrappor.se.hemsida.eu\/en\/wp-json\/wp\/v2\/types\/page"}],"author":[{"embeddable":true,"href":"https:\/\/dromtrappor.se.hemsida.eu\/en\/wp-json\/wp\/v2\/users\/1"}],"replies":[{"embeddable":true,"href":"https:\/\/dromtrappor.se.hemsida.eu\/en\/wp-json\/wp\/v2\/comments?post=57"}],"version-history":[{"count":5,"href":"https:\/\/dromtrappor.se.hemsida.eu\/en\/wp-json\/wp\/v2\/pages\/57\/revisions"}],"predecessor-version":[{"id":25278,"href":"https:\/\/dromtrappor.se.hemsida.eu\/en\/wp-json\/wp\/v2\/pages\/57\/revisions\/25278"}],"up":[{"embeddable":true,"href":"https:\/\/dromtrappor.se.hemsida.eu\/en\/wp-json\/wp\/v2\/pages\/56"}],"wp:attachment":[{"href":"https:\/\/dromtrappor.se.hemsida.eu\/en\/wp-json\/wp\/v2\/media?parent=57"}],"wp:term":[{"taxonomy":"sidtyp","embeddable":true,"href":"https:\/\/dromtrappor.se.hemsida.eu\/en\/wp-json\/wp\/v2\/sidtyp?post=57"}],"curies":[{"name":"wp","href":"https:\/\/api.w.org\/{rel}","templated":true}]}}