{"id":58,"date":"2017-09-19T12:15:00","date_gmt":"2017-09-19T10:15:00","guid":{"rendered":"https:\/\/app-dromtrappor.iyvmxlwvf7-ypj68nz7v6l2.p.temp-site.link\/inomhustrappor\/tillval-och-tillbehor\/ytbehandling\/"},"modified":"2024-08-14T14:43:03","modified_gmt":"2024-08-14T12:43:03","slug":"surface-treatment","status":"publish","type":"page","link":"https:\/\/dromtrappor.se.hemsida.eu\/en\/indoor-stairs\/options-and-accessories\/surface-treatment\/","title":{"rendered":"Surface treatment"},"content":{"rendered":"<p>The stairs are surface-treated during manufacture according to rational and environmentally friendly methods. Different surface treatments are recommended on different types of wood, so contact your salesperson for more information. Covering is carried out as standard on MDF-clad pine frames or birch for those who want solid wood.<\/p>\n<p>Recommended combinations of our most common types of wood and surface treatments are shown here. We can also offer brushed step surfaces, a treatment of the wood that gives more structure. <a href=\"https:\/\/dromtrappor.se.hemsida.eu\/en\/indoor-stairs\/options-and-accessories\/step\/\">Read more about this here<\/a>.<\/p>","protected":false},"excerpt":{"rendered":"<p>Trappan ytbehandlas vid tillverkningen enligt rationella och milj\u00f6v\u00e4nliga metoder. Olika ytbehandlingar rekommenderas p\u00e5 olika tr\u00e4slag, kontakta d\u00e4rf\u00f6r din s\u00e4ljare f\u00f6r mer information.T\u00e4ckm\u00e5la utf\u00f6rs som standard p\u00e5 MDF-bekl\u00e4dd furustomme eller bj\u00f6rk f\u00f6r den som \u00f6nskar massivt tr\u00e4. H\u00e4r visas rekommenderade kombinationer av v\u00e5ra vanligaste tr\u00e4slag och ytbehandlingar. Vi kan ocks\u00e5 erbjuda borstade stegytor, en behandling av tr\u00e4et som ger mer struktur. L\u00e4s mer om detta h\u00e4r.<\/p>","protected":false},"author":1,"featured_media":0,"parent":56,"menu_order":0,"comment_status":"closed","ping_status":"closed","template":"","meta":{"_acf_changed":false,"footnotes":""},"sidtyp":[],"class_list":["post-58","page","type-page","status-publish","hentry"],"acf":[],"_links":{"self":[{"href":"https:\/\/dromtrappor.se.hemsida.eu\/en\/wp-json\/wp\/v2\/pages\/58","targetHints":{"allow":["GET"]}}],"collection":[{"href":"https:\/\/dromtrappor.se.hemsida.eu\/en\/wp-json\/wp\/v2\/pages"}],"about":[{"href":"https:\/\/dromtrappor.se.hemsida.eu\/en\/wp-json\/wp\/v2\/types\/page"}],"author":[{"embeddable":true,"href":"https:\/\/dromtrappor.se.hemsida.eu\/en\/wp-json\/wp\/v2\/users\/1"}],"replies":[{"embeddable":true,"href":"https:\/\/dromtrappor.se.hemsida.eu\/en\/wp-json\/wp\/v2\/comments?post=58"}],"version-history":[{"count":5,"href":"https:\/\/dromtrappor.se.hemsida.eu\/en\/wp-json\/wp\/v2\/pages\/58\/revisions"}],"predecessor-version":[{"id":24241,"href":"https:\/\/dromtrappor.se.hemsida.eu\/en\/wp-json\/wp\/v2\/pages\/58\/revisions\/24241"}],"up":[{"embeddable":true,"href":"https:\/\/dromtrappor.se.hemsida.eu\/en\/wp-json\/wp\/v2\/pages\/56"}],"wp:attachment":[{"href":"https:\/\/dromtrappor.se.hemsida.eu\/en\/wp-json\/wp\/v2\/media?parent=58"}],"wp:term":[{"taxonomy":"sidtyp","embeddable":true,"href":"https:\/\/dromtrappor.se.hemsida.eu\/en\/wp-json\/wp\/v2\/sidtyp?post=58"}],"curies":[{"name":"wp","href":"https:\/\/api.w.org\/{rel}","templated":true}]}}