{"id":76,"date":"2018-02-26T06:30:55","date_gmt":"2018-02-26T05:30:55","guid":{"rendered":"https:\/\/app-dromtrappor.iyvmxlwvf7-ypj68nz7v6l2.p.temp-site.link\/inomhustrappor\/tillval-och-tillbehor\/rackesstandare\/"},"modified":"2025-02-04T11:20:47","modified_gmt":"2025-02-04T10:20:47","slug":"rack-stand","status":"publish","type":"page","link":"https:\/\/dromtrappor.se.hemsida.eu\/en\/indoor-stairs\/options-and-accessories\/rack-stand\/","title":{"rendered":"Rail stand"},"content":{"rendered":"<p>In our model names, the second number in the designation stands for the type of railing post that is included. If, for example, you have chosen the model Solid 4.14.1 but want to replace the railing post with one with spring grooves, you replace the number 14 with the number of the post you have chosen.<\/p>\n<p>Below you can see what the stand looks like, under each picture is the number which is the stand&#039;s name and its measurements in mm.<\/p>\n<p>&nbsp;<\/p>\n<p>&nbsp;<\/p>\n<p><img loading=\"lazy\" decoding=\"async\" class=\"alignleft size-full wp-image-1939\" src=\"https:\/\/dromtrappor.se.hemsida.eu\/wp-content\/uploads\/2018\/02\/rs-bas-2.jpg\" alt=\"\" width=\"568\" height=\"454\" \/><\/p>\n<p>&nbsp;<\/p>\n<p>&nbsp;<\/p>\n<p><img loading=\"lazy\" decoding=\"async\" class=\"alignnone wp-image-17710 size-full\" src=\"https:\/\/dromtrappor.se.hemsida.eu\/wp-content\/uploads\/2023\/08\/rs-premium-tradition-1.jpg\" alt=\"\" width=\"605\" height=\"454\" srcset=\"https:\/\/dromtrappor.se.hemsida.eu\/wp-content\/uploads\/2023\/08\/rs-premium-tradition-1.jpg 605w, https:\/\/dromtrappor.se.hemsida.eu\/wp-content\/uploads\/2023\/08\/rs-premium-tradition-1-600x450.jpg 600w, https:\/\/dromtrappor.se.hemsida.eu\/wp-content\/uploads\/2023\/08\/rs-premium-tradition-1-540x405.jpg 540w\" sizes=\"auto, (max-width: 605px) 100vw, 605px\" \/><\/p>\n<p>Stands that are 40\u00d740 require a skirting board (a skirting that is mounted on top of the skirting piece) or that the skirting piece is 50 mm thick.<\/p>\n<p>&nbsp;<\/p>\n<p><img loading=\"lazy\" decoding=\"async\" class=\"alignleft size-full wp-image-1953\" src=\"https:\/\/dromtrappor.se.hemsida.eu\/wp-content\/uploads\/2018\/02\/rs-premium-1.jpg\" alt=\"\" width=\"429\" height=\"454\" \/><\/p>\n<p>&nbsp;<\/p>\n<p>Here is more information about which details are included in the different categories;<\/p>\n<p><a href=\"https:\/\/dromtrappor.se.hemsida.eu\/wp-content\/uploads\/2018\/02\/profiler-Bas.pdf\">Base <\/a><\/p>\n<p><a href=\"https:\/\/dromtrappor.se.hemsida.eu\/wp-content\/uploads\/2018\/02\/profiler-Premium.pdf\">Premium<\/a> (tradition)<\/p>\n<p><a href=\"https:\/\/dromtrappor.se.hemsida.eu\/wp-content\/uploads\/2018\/02\/profiler-Premium-Glas.pdf\">Premium<\/a> (glass)<\/p>","protected":false},"excerpt":{"rendered":"<p>I v\u00e5ra modellnamn st\u00e5r den andra siffran i beteckningen f\u00f6r vilken typ av r\u00e4ckesst\u00e5ndare som ing\u00e5r. Om du t ex har valt modellen Solid 4.14.1 men vill byta ut r\u00e4ckesst\u00e5ndaren till en med k\u00e4llsp\u00e5r s\u00e5 ers\u00e4tter du siffran 14 med siffran p\u00e5 den st\u00e5ndare du har valt. Nedan ser du hur st\u00e5ndaren ser ut, under varje bild st\u00e5r siffran som \u00e4r st\u00e5ndarens namn samt dess m\u00e5tt i mm. &nbsp; &nbsp; &nbsp; &nbsp; St\u00e5ndare som \u00e4r 40&#215;40 kr\u00e4ver en vanglist (list som monteras ovanp\u00e5 vangstycket) eller att vangstycket \u00e4r 50 mm tjockt. &nbsp; &nbsp; H\u00e4r finns mer information om vilka detaljer [&hellip;]<\/p>\n","protected":false},"author":1,"featured_media":0,"parent":56,"menu_order":0,"comment_status":"closed","ping_status":"closed","template":"","meta":{"_acf_changed":false,"footnotes":""},"sidtyp":[],"class_list":["post-76","page","type-page","status-publish","hentry"],"acf":[],"_links":{"self":[{"href":"https:\/\/dromtrappor.se.hemsida.eu\/en\/wp-json\/wp\/v2\/pages\/76","targetHints":{"allow":["GET"]}}],"collection":[{"href":"https:\/\/dromtrappor.se.hemsida.eu\/en\/wp-json\/wp\/v2\/pages"}],"about":[{"href":"https:\/\/dromtrappor.se.hemsida.eu\/en\/wp-json\/wp\/v2\/types\/page"}],"author":[{"embeddable":true,"href":"https:\/\/dromtrappor.se.hemsida.eu\/en\/wp-json\/wp\/v2\/users\/1"}],"replies":[{"embeddable":true,"href":"https:\/\/dromtrappor.se.hemsida.eu\/en\/wp-json\/wp\/v2\/comments?post=76"}],"version-history":[{"count":3,"href":"https:\/\/dromtrappor.se.hemsida.eu\/en\/wp-json\/wp\/v2\/pages\/76\/revisions"}],"predecessor-version":[{"id":25291,"href":"https:\/\/dromtrappor.se.hemsida.eu\/en\/wp-json\/wp\/v2\/pages\/76\/revisions\/25291"}],"up":[{"embeddable":true,"href":"https:\/\/dromtrappor.se.hemsida.eu\/en\/wp-json\/wp\/v2\/pages\/56"}],"wp:attachment":[{"href":"https:\/\/dromtrappor.se.hemsida.eu\/en\/wp-json\/wp\/v2\/media?parent=76"}],"wp:term":[{"taxonomy":"sidtyp","embeddable":true,"href":"https:\/\/dromtrappor.se.hemsida.eu\/en\/wp-json\/wp\/v2\/sidtyp?post=76"}],"curies":[{"name":"wp","href":"https:\/\/api.w.org\/{rel}","templated":true}]}}