{"id":77,"date":"2018-02-26T09:51:55","date_gmt":"2018-02-26T08:51:55","guid":{"rendered":"https:\/\/app-dromtrappor.iyvmxlwvf7-ypj68nz7v6l2.p.temp-site.link\/inomhustrappor\/tillval-och-tillbehor\/stolpar\/"},"modified":"2025-02-04T10:33:40","modified_gmt":"2025-02-04T09:33:40","slug":"poles","status":"publish","type":"page","link":"https:\/\/dromtrappor.se.hemsida.eu\/en\/indoor-stairs\/options-and-accessories\/poles\/","title":{"rendered":"Poles"},"content":{"rendered":"<p>Our standard dimension is 80\u00d780 mm when it comes to starting and ending stair posts. If you choose a pole with a spring groove\/decorative groove, the inner corner pole is usually delivered smooth so that the meeting between supervisor and pole does not become a problem. In our drawing archive there is a large amount of posts and details that are not shown here. Contact us or your nearest dealer for help with the type of stairs and the details you want.<\/p>\n<p><img loading=\"lazy\" decoding=\"async\" class=\"alignleft wp-image-1958 size-full\" title=\"stair posts smooth straight\" src=\"https:\/\/dromtrappor.se.hemsida.eu\/wp-content\/uploads\/2018\/02\/st-bas.jpg\" alt=\"St 4 is the basis of all our basic models.\" width=\"285\" height=\"454\" \/><\/p>\n<p><img loading=\"lazy\" decoding=\"async\" class=\"alignleft size-full wp-image-1960\" src=\"https:\/\/dromtrappor.se.hemsida.eu\/wp-content\/uploads\/2018\/02\/st-premium.jpg\" alt=\"\" width=\"467\" height=\"454\" \/><\/p>\n<p>Here is more information about which details are included in the different categories;<\/p>\n<p><a href=\"https:\/\/dromtrappor.se.hemsida.eu\/wp-content\/uploads\/2018\/02\/profiler-Bas.pdf\">Base<\/a><\/p>\n<p><a href=\"https:\/\/dromtrappor.se.hemsida.eu\/wp-content\/uploads\/2018\/02\/profiler-Premium.pdf\">Premium<\/a> (tradition)<\/p>\n<p><a href=\"https:\/\/dromtrappor.se.hemsida.eu\/wp-content\/uploads\/2018\/02\/profiler-Premium-Glas.pdf\">Premium<\/a> (glass)<\/p>","protected":false},"excerpt":{"rendered":"<p>V\u00e5r standarddimension \u00e4r 80&#215;80 mm n\u00e4r det g\u00e4ller start- och slutstolpar i trappan. V\u00e4ljer du en stolpe med k\u00e4llsp\u00e5r\/dekorationssp\u00e5r s\u00e5 levereras oftast innerh\u00f6rnsstolpen som sl\u00e4t f\u00f6r att m\u00f6tet mellan handledare och stolpe inte ska bli ett problem. I v\u00e5rt ritningsarkiv finns en stor m\u00e4ngd stolpar och detaljer som inte visas h\u00e4r. Kontakta oss eller din n\u00e4rmaste \u00e5terf\u00f6rs\u00e4ljare f\u00f6r att f\u00e5 hj\u00e4lp med den typ av trappa och de detaljer du \u00f6nskar. H\u00e4r finns mer information om vilka detaljer som ing\u00e5r i de olika kategorierna; Bas Premium (tradition) Premium (glas)<\/p>","protected":false},"author":1,"featured_media":0,"parent":56,"menu_order":0,"comment_status":"closed","ping_status":"closed","template":"","meta":{"_acf_changed":false,"footnotes":""},"sidtyp":[],"class_list":["post-77","page","type-page","status-publish","hentry"],"acf":[],"_links":{"self":[{"href":"https:\/\/dromtrappor.se.hemsida.eu\/en\/wp-json\/wp\/v2\/pages\/77","targetHints":{"allow":["GET"]}}],"collection":[{"href":"https:\/\/dromtrappor.se.hemsida.eu\/en\/wp-json\/wp\/v2\/pages"}],"about":[{"href":"https:\/\/dromtrappor.se.hemsida.eu\/en\/wp-json\/wp\/v2\/types\/page"}],"author":[{"embeddable":true,"href":"https:\/\/dromtrappor.se.hemsida.eu\/en\/wp-json\/wp\/v2\/users\/1"}],"replies":[{"embeddable":true,"href":"https:\/\/dromtrappor.se.hemsida.eu\/en\/wp-json\/wp\/v2\/comments?post=77"}],"version-history":[{"count":4,"href":"https:\/\/dromtrappor.se.hemsida.eu\/en\/wp-json\/wp\/v2\/pages\/77\/revisions"}],"predecessor-version":[{"id":25290,"href":"https:\/\/dromtrappor.se.hemsida.eu\/en\/wp-json\/wp\/v2\/pages\/77\/revisions\/25290"}],"up":[{"embeddable":true,"href":"https:\/\/dromtrappor.se.hemsida.eu\/en\/wp-json\/wp\/v2\/pages\/56"}],"wp:attachment":[{"href":"https:\/\/dromtrappor.se.hemsida.eu\/en\/wp-json\/wp\/v2\/media?parent=77"}],"wp:term":[{"taxonomy":"sidtyp","embeddable":true,"href":"https:\/\/dromtrappor.se.hemsida.eu\/en\/wp-json\/wp\/v2\/sidtyp?post=77"}],"curies":[{"name":"wp","href":"https:\/\/api.w.org\/{rel}","templated":true}]}}