{"id":1012,"date":"2017-08-07T23:42:49","date_gmt":"2017-08-07T21:42:49","guid":{"rendered":"https:\/\/app-dromtrappor.iyvmxlwvf7-ypj68nz7v6l2.p.temp-site.link\/produkt\/inborrat-racke\/"},"modified":"2024-11-14T10:33:41","modified_gmt":"2024-11-14T09:33:41","slug":"drilled-rack","status":"publish","type":"product","link":"https:\/\/dromtrappor.se.hemsida.eu\/en\/product\/drilled-rack\/","title":{"rendered":"Solid 4.4.1"},"content":{"rendered":"<p>In Bas Solid, you can choose between three different railing posts and adapt the staircase&#039;s wood type and surface treatment to your liking and taste. 4.4.1 is a railing with square posts (80\u00d780 mm), round, drilled wooden railing posts, \u00f825 mm and standard handrail with rounded top in size 40\u00d786 mm.<\/p>","protected":false},"excerpt":{"rendered":"<p>Bas Solid are stairs with straight sidewalls. It is a staircase solution that combines functionality with modern shapes and traditional style features. A staircase with a sidewall can be both closed and open.<\/p>","protected":false},"featured_media":18253,"comment_status":"closed","ping_status":"closed","template":"","meta":{"_acf_changed":false},"produktkategori":[4],"produktserie":[],"trapptyp":[],"product_brand":[],"product_cat":[310],"product_tag":[],"class_list":{"0":"post-1012","1":"product","2":"type-product","3":"status-publish","4":"has-post-thumbnail","6":"produktkategori-solid","7":"product_cat-solid","9":"first","10":"instock","11":"taxable","12":"shipping-taxable","13":"purchasable","14":"product-type-simple"},"acf":[],"_links":{"self":[{"href":"https:\/\/dromtrappor.se.hemsida.eu\/en\/wp-json\/wp\/v2\/product\/1012","targetHints":{"allow":["GET"]}}],"collection":[{"href":"https:\/\/dromtrappor.se.hemsida.eu\/en\/wp-json\/wp\/v2\/product"}],"about":[{"href":"https:\/\/dromtrappor.se.hemsida.eu\/en\/wp-json\/wp\/v2\/types\/product"}],"replies":[{"embeddable":true,"href":"https:\/\/dromtrappor.se.hemsida.eu\/en\/wp-json\/wp\/v2\/comments?post=1012"}],"wp:featuredmedia":[{"embeddable":true,"href":"https:\/\/dromtrappor.se.hemsida.eu\/en\/wp-json\/wp\/v2\/media\/18253"}],"wp:attachment":[{"href":"https:\/\/dromtrappor.se.hemsida.eu\/en\/wp-json\/wp\/v2\/media?parent=1012"}],"wp:term":[{"taxonomy":"produktkategori","embeddable":true,"href":"https:\/\/dromtrappor.se.hemsida.eu\/en\/wp-json\/wp\/v2\/produktkategori?post=1012"},{"taxonomy":"produktserie","embeddable":true,"href":"https:\/\/dromtrappor.se.hemsida.eu\/en\/wp-json\/wp\/v2\/produktserie?post=1012"},{"taxonomy":"trapptyp","embeddable":true,"href":"https:\/\/dromtrappor.se.hemsida.eu\/en\/wp-json\/wp\/v2\/trapptyp?post=1012"},{"taxonomy":"product_brand","embeddable":true,"href":"https:\/\/dromtrappor.se.hemsida.eu\/en\/wp-json\/wp\/v2\/product_brand?post=1012"},{"taxonomy":"product_cat","embeddable":true,"href":"https:\/\/dromtrappor.se.hemsida.eu\/en\/wp-json\/wp\/v2\/product_cat?post=1012"},{"taxonomy":"product_tag","embeddable":true,"href":"https:\/\/dromtrappor.se.hemsida.eu\/en\/wp-json\/wp\/v2\/product_tag?post=1012"}],"curies":[{"name":"wp","href":"https:\/\/api.w.org\/{rel}","templated":true}]}}