{"id":1203,"date":"2017-08-23T10:56:37","date_gmt":"2017-08-23T08:56:37","guid":{"rendered":"https:\/\/app-dromtrappor.iyvmxlwvf7-ypj68nz7v6l2.p.temp-site.link\/produkt\/drammen\/"},"modified":"2024-11-14T10:21:54","modified_gmt":"2024-11-14T09:21:54","slug":"the-drama","status":"publish","type":"product","link":"https:\/\/dromtrappor.se.hemsida.eu\/en\/product\/the-drama\/","title":{"rendered":"Solid 0.GS.7 \u2013 Drammen"},"content":{"rendered":"<p>Modellen \u00e4r i grunden en Solid 0.GB.20 men med stegframkant i liv (ers\u00e4tter b-listen) samt en specialtillverkad t\u00e4cksida som d\u00f6ljer alla beslag. Modellen erbjuds bara i rakt utf\u00f6rande. Det inneb\u00e4r att formen kan vara rak eller tv\u00e5 raka l\u00f6p mot vilplan.<\/p>","protected":false},"excerpt":{"rendered":"<p>Specialmodellen Drammen \u00e4r ett samarbete med Nina Holst som driver design- och inredningsbloggen Stylizimo i Norge.<\/p>","protected":false},"featured_media":262,"comment_status":"closed","ping_status":"closed","template":"","meta":{"_acf_changed":false},"produktkategori":[4],"produktserie":[],"trapptyp":[],"product_brand":[],"product_cat":[310],"product_tag":[],"class_list":{"0":"post-1203","1":"product","2":"type-product","3":"status-publish","4":"has-post-thumbnail","6":"produktkategori-solid","7":"product_cat-solid","9":"first","10":"instock","11":"taxable","12":"shipping-taxable","13":"purchasable","14":"product-type-simple"},"acf":[],"_links":{"self":[{"href":"https:\/\/dromtrappor.se.hemsida.eu\/en\/wp-json\/wp\/v2\/product\/1203","targetHints":{"allow":["GET"]}}],"collection":[{"href":"https:\/\/dromtrappor.se.hemsida.eu\/en\/wp-json\/wp\/v2\/product"}],"about":[{"href":"https:\/\/dromtrappor.se.hemsida.eu\/en\/wp-json\/wp\/v2\/types\/product"}],"replies":[{"embeddable":true,"href":"https:\/\/dromtrappor.se.hemsida.eu\/en\/wp-json\/wp\/v2\/comments?post=1203"}],"wp:featuredmedia":[{"embeddable":true,"href":"https:\/\/dromtrappor.se.hemsida.eu\/en\/wp-json\/wp\/v2\/media\/262"}],"wp:attachment":[{"href":"https:\/\/dromtrappor.se.hemsida.eu\/en\/wp-json\/wp\/v2\/media?parent=1203"}],"wp:term":[{"taxonomy":"produktkategori","embeddable":true,"href":"https:\/\/dromtrappor.se.hemsida.eu\/en\/wp-json\/wp\/v2\/produktkategori?post=1203"},{"taxonomy":"produktserie","embeddable":true,"href":"https:\/\/dromtrappor.se.hemsida.eu\/en\/wp-json\/wp\/v2\/produktserie?post=1203"},{"taxonomy":"trapptyp","embeddable":true,"href":"https:\/\/dromtrappor.se.hemsida.eu\/en\/wp-json\/wp\/v2\/trapptyp?post=1203"},{"taxonomy":"product_brand","embeddable":true,"href":"https:\/\/dromtrappor.se.hemsida.eu\/en\/wp-json\/wp\/v2\/product_brand?post=1203"},{"taxonomy":"product_cat","embeddable":true,"href":"https:\/\/dromtrappor.se.hemsida.eu\/en\/wp-json\/wp\/v2\/product_cat?post=1203"},{"taxonomy":"product_tag","embeddable":true,"href":"https:\/\/dromtrappor.se.hemsida.eu\/en\/wp-json\/wp\/v2\/product_tag?post=1203"}],"curies":[{"name":"wp","href":"https:\/\/api.w.org\/{rel}","templated":true}]}}