{"id":1226,"date":"2017-09-22T11:13:07","date_gmt":"2017-09-22T09:13:07","guid":{"rendered":"https:\/\/app-dromtrappor.iyvmxlwvf7-ypj68nz7v6l2.p.temp-site.link\/produkt\/pure-wood\/"},"modified":"2024-11-14T10:20:45","modified_gmt":"2024-11-14T09:20:45","slug":"pure-wood","status":"publish","type":"product","link":"https:\/\/dromtrappor.se.hemsida.eu\/en\/product\/pure-wood\/","title":{"rendered":"Pure Wood"},"content":{"rendered":"<p>D\u00e5 konstruktionen \u00e4r f\u00e4rdig byggs trapporna ihop p\u00e5 plats och kr\u00e4ver lite modifiering vid montaget. Stegen tillverkas i bok och \u00f6vriga detaljer finns i vitt, svart och gr\u00e5tt.<\/p>\n<p>This model does not meet the requirements found in BBR regarding step height\/step depth and is therefore best suited for sleeping lofts, terraces or the like.<\/p>","protected":false},"excerpt":{"rendered":"<p>Pure wood is a spiral staircase for you who need to save space. The stairs have a finished construction and come in diameters 1100-1600mm with a span of 100mm.<\/p>","protected":false},"featured_media":18260,"comment_status":"closed","ping_status":"closed","template":"","meta":{"_acf_changed":false},"produktkategori":[7,9],"produktserie":[],"trapptyp":[],"product_brand":[],"product_cat":[312,313],"product_tag":[],"class_list":{"0":"post-1226","1":"product","2":"type-product","3":"status-publish","4":"has-post-thumbnail","6":"produktkategori-spiraltrappor","7":"produktkategori-staltrappor","8":"product_cat-spiraltrappor","9":"product_cat-staltrappor","11":"first","12":"instock","13":"taxable","14":"shipping-taxable","15":"purchasable","16":"product-type-simple"},"acf":[],"_links":{"self":[{"href":"https:\/\/dromtrappor.se.hemsida.eu\/en\/wp-json\/wp\/v2\/product\/1226","targetHints":{"allow":["GET"]}}],"collection":[{"href":"https:\/\/dromtrappor.se.hemsida.eu\/en\/wp-json\/wp\/v2\/product"}],"about":[{"href":"https:\/\/dromtrappor.se.hemsida.eu\/en\/wp-json\/wp\/v2\/types\/product"}],"replies":[{"embeddable":true,"href":"https:\/\/dromtrappor.se.hemsida.eu\/en\/wp-json\/wp\/v2\/comments?post=1226"}],"wp:featuredmedia":[{"embeddable":true,"href":"https:\/\/dromtrappor.se.hemsida.eu\/en\/wp-json\/wp\/v2\/media\/18260"}],"wp:attachment":[{"href":"https:\/\/dromtrappor.se.hemsida.eu\/en\/wp-json\/wp\/v2\/media?parent=1226"}],"wp:term":[{"taxonomy":"produktkategori","embeddable":true,"href":"https:\/\/dromtrappor.se.hemsida.eu\/en\/wp-json\/wp\/v2\/produktkategori?post=1226"},{"taxonomy":"produktserie","embeddable":true,"href":"https:\/\/dromtrappor.se.hemsida.eu\/en\/wp-json\/wp\/v2\/produktserie?post=1226"},{"taxonomy":"trapptyp","embeddable":true,"href":"https:\/\/dromtrappor.se.hemsida.eu\/en\/wp-json\/wp\/v2\/trapptyp?post=1226"},{"taxonomy":"product_brand","embeddable":true,"href":"https:\/\/dromtrappor.se.hemsida.eu\/en\/wp-json\/wp\/v2\/product_brand?post=1226"},{"taxonomy":"product_cat","embeddable":true,"href":"https:\/\/dromtrappor.se.hemsida.eu\/en\/wp-json\/wp\/v2\/product_cat?post=1226"},{"taxonomy":"product_tag","embeddable":true,"href":"https:\/\/dromtrappor.se.hemsida.eu\/en\/wp-json\/wp\/v2\/product_tag?post=1226"}],"curies":[{"name":"wp","href":"https:\/\/api.w.org\/{rel}","templated":true}]}}