{"id":1245,"date":"2017-10-23T08:52:23","date_gmt":"2017-10-23T06:52:23","guid":{"rendered":"https:\/\/app-dromtrappor.iyvmxlwvf7-ypj68nz7v6l2.p.temp-site.link\/produkt\/loopen-spiral\/"},"modified":"2024-11-14T10:16:37","modified_gmt":"2024-11-14T09:16:37","slug":"the-loop-spiral","status":"publish","type":"product","link":"https:\/\/dromtrappor.se.hemsida.eu\/en\/product\/the-loop-spiral\/","title":{"rendered":"The loop, spiral"},"content":{"rendered":"<p>Vangstycket b\u00f6jlimmas efter m\u00e5tt p\u00e5 v\u00e5r Specialavdelning. V\u00e4lj mellan r\u00e4ckesst\u00e5ndare i tr\u00e4 eller rostfritt st\u00e5l.<\/p>","protected":false},"excerpt":{"rendered":"<p>Loopen har till skillnad fr\u00e5n v\u00e5ra \u00f6vriga spiraltrappor ett sidovangstycke som framh\u00e4ver modellens runda form.<\/p>","protected":false},"featured_media":820,"comment_status":"closed","ping_status":"closed","template":"","meta":{"_acf_changed":false},"produktkategori":[7],"produktserie":[],"trapptyp":[],"product_brand":[],"product_cat":[312],"product_tag":[],"class_list":{"0":"post-1245","1":"product","2":"type-product","3":"status-publish","4":"has-post-thumbnail","6":"produktkategori-spiraltrappor","7":"product_cat-spiraltrappor","9":"first","10":"instock","11":"taxable","12":"shipping-taxable","13":"purchasable","14":"product-type-simple"},"acf":[],"_links":{"self":[{"href":"https:\/\/dromtrappor.se.hemsida.eu\/en\/wp-json\/wp\/v2\/product\/1245","targetHints":{"allow":["GET"]}}],"collection":[{"href":"https:\/\/dromtrappor.se.hemsida.eu\/en\/wp-json\/wp\/v2\/product"}],"about":[{"href":"https:\/\/dromtrappor.se.hemsida.eu\/en\/wp-json\/wp\/v2\/types\/product"}],"replies":[{"embeddable":true,"href":"https:\/\/dromtrappor.se.hemsida.eu\/en\/wp-json\/wp\/v2\/comments?post=1245"}],"wp:featuredmedia":[{"embeddable":true,"href":"https:\/\/dromtrappor.se.hemsida.eu\/en\/wp-json\/wp\/v2\/media\/820"}],"wp:attachment":[{"href":"https:\/\/dromtrappor.se.hemsida.eu\/en\/wp-json\/wp\/v2\/media?parent=1245"}],"wp:term":[{"taxonomy":"produktkategori","embeddable":true,"href":"https:\/\/dromtrappor.se.hemsida.eu\/en\/wp-json\/wp\/v2\/produktkategori?post=1245"},{"taxonomy":"produktserie","embeddable":true,"href":"https:\/\/dromtrappor.se.hemsida.eu\/en\/wp-json\/wp\/v2\/produktserie?post=1245"},{"taxonomy":"trapptyp","embeddable":true,"href":"https:\/\/dromtrappor.se.hemsida.eu\/en\/wp-json\/wp\/v2\/trapptyp?post=1245"},{"taxonomy":"product_brand","embeddable":true,"href":"https:\/\/dromtrappor.se.hemsida.eu\/en\/wp-json\/wp\/v2\/product_brand?post=1245"},{"taxonomy":"product_cat","embeddable":true,"href":"https:\/\/dromtrappor.se.hemsida.eu\/en\/wp-json\/wp\/v2\/product_cat?post=1245"},{"taxonomy":"product_tag","embeddable":true,"href":"https:\/\/dromtrappor.se.hemsida.eu\/en\/wp-json\/wp\/v2\/product_tag?post=1245"}],"curies":[{"name":"wp","href":"https:\/\/api.w.org\/{rel}","templated":true}]}}