{"id":1307,"date":"2020-12-11T07:32:57","date_gmt":"2020-12-11T06:32:57","guid":{"rendered":"https:\/\/app-dromtrappor.iyvmxlwvf7-ypj68nz7v6l2.p.temp-site.link\/produkt\/solid-steel-pp\/"},"modified":"2024-11-14T10:02:11","modified_gmt":"2024-11-14T09:02:11","slug":"solid-steel-pp","status":"publish","type":"product","link":"https:\/\/dromtrappor.se.hemsida.eu\/en\/product\/solid-steel-pp\/","title":{"rendered":"Solid Steel PP"},"content":{"rendered":"<p>Ramen runt r\u00e4cket \u00e4r av st\u00e5l 40*20mm och den perforerade pl\u00e5ten har en h\u00e5ldiameter p\u00e5 10mm. Vad g\u00e4ller stegen g\u00e5r det att v\u00e4lja utf\u00f6rande helt fritt. Tr\u00e4, perforerad pl\u00e5t, f\u00f6rberett f\u00f6r golv\/klinker \u00e4r n\u00e5gra av alla alternativ som finns.<\/p>\n<p>St\u00e5let kommer som standard i ett pulverlackat utf\u00f6rande d\u00e4r ni sj\u00e4lva f\u00e5r v\u00e4lja en RAL-kul\u00f6r. Vi rekommenderar dock att plansteget endast galvaniseras om detta ska levereras i perforerad pl\u00e5t.<\/p>\n<p>The stairs can be delivered in all shapes.<\/p>","protected":false},"excerpt":{"rendered":"<p>En variant av v\u00e5r modell Solid steel f\u00f6r dig som s\u00f6ker en modern trappa. R\u00e4cket tillverkas av perforerad pl\u00e5t och bidrar stort till den industriella k\u00e4nslan denna trappa medf\u00f6r.<\/p>","protected":false},"featured_media":18299,"comment_status":"closed","ping_status":"closed","template":"","meta":{"_acf_changed":false},"produktkategori":[4,9],"produktserie":[],"trapptyp":[],"product_brand":[],"product_cat":[310,313],"product_tag":[],"class_list":{"0":"post-1307","1":"product","2":"type-product","3":"status-publish","4":"has-post-thumbnail","6":"produktkategori-solid","7":"produktkategori-staltrappor","8":"product_cat-solid","9":"product_cat-staltrappor","11":"first","12":"instock","13":"taxable","14":"shipping-taxable","15":"purchasable","16":"product-type-simple"},"acf":[],"_links":{"self":[{"href":"https:\/\/dromtrappor.se.hemsida.eu\/en\/wp-json\/wp\/v2\/product\/1307","targetHints":{"allow":["GET"]}}],"collection":[{"href":"https:\/\/dromtrappor.se.hemsida.eu\/en\/wp-json\/wp\/v2\/product"}],"about":[{"href":"https:\/\/dromtrappor.se.hemsida.eu\/en\/wp-json\/wp\/v2\/types\/product"}],"replies":[{"embeddable":true,"href":"https:\/\/dromtrappor.se.hemsida.eu\/en\/wp-json\/wp\/v2\/comments?post=1307"}],"wp:featuredmedia":[{"embeddable":true,"href":"https:\/\/dromtrappor.se.hemsida.eu\/en\/wp-json\/wp\/v2\/media\/18299"}],"wp:attachment":[{"href":"https:\/\/dromtrappor.se.hemsida.eu\/en\/wp-json\/wp\/v2\/media?parent=1307"}],"wp:term":[{"taxonomy":"produktkategori","embeddable":true,"href":"https:\/\/dromtrappor.se.hemsida.eu\/en\/wp-json\/wp\/v2\/produktkategori?post=1307"},{"taxonomy":"produktserie","embeddable":true,"href":"https:\/\/dromtrappor.se.hemsida.eu\/en\/wp-json\/wp\/v2\/produktserie?post=1307"},{"taxonomy":"trapptyp","embeddable":true,"href":"https:\/\/dromtrappor.se.hemsida.eu\/en\/wp-json\/wp\/v2\/trapptyp?post=1307"},{"taxonomy":"product_brand","embeddable":true,"href":"https:\/\/dromtrappor.se.hemsida.eu\/en\/wp-json\/wp\/v2\/product_brand?post=1307"},{"taxonomy":"product_cat","embeddable":true,"href":"https:\/\/dromtrappor.se.hemsida.eu\/en\/wp-json\/wp\/v2\/product_cat?post=1307"},{"taxonomy":"product_tag","embeddable":true,"href":"https:\/\/dromtrappor.se.hemsida.eu\/en\/wp-json\/wp\/v2\/product_tag?post=1307"}],"curies":[{"name":"wp","href":"https:\/\/api.w.org\/{rel}","templated":true}]}}