{"id":1316,"date":"2023-08-18T10:38:08","date_gmt":"2023-08-18T08:38:08","guid":{"rendered":"https:\/\/app-dromtrappor.iyvmxlwvf7-ypj68nz7v6l2.p.temp-site.link\/produkt\/pure-steel\/"},"modified":"2024-11-14T09:53:44","modified_gmt":"2024-11-14T08:53:44","slug":"pure-steel","status":"publish","type":"product","link":"https:\/\/dromtrappor.se.hemsida.eu\/en\/product\/pure-steel\/","title":{"rendered":"Pure Steel"},"content":{"rendered":"<p>D\u00e5 konstruktionen \u00e4r f\u00e4rdig byggs trapporna ihop p\u00e5 plats och kr\u00e4ver lite modifiering vid montaget. V\u00e4lj mellan vit svart och gr\u00e5. Trappan g\u00e5r \u00e4ven att f\u00e5 galvaniserad och \u00e4mnad f\u00f6r utomhusbruk.<\/p>\n<p>This model does not meet the requirements found in BBR regarding step height\/step depth and is therefore best suited for sleeping lofts, terraces or the like.<\/p>","protected":false},"excerpt":{"rendered":"<p>Pure is a spiral staircase for you who need to save space. The stairs have a finished construction and come in diameters 1100-1600mm with a span of 100mm.<\/p>","protected":false},"featured_media":18301,"comment_status":"closed","ping_status":"closed","template":"","meta":{"_acf_changed":false},"produktkategori":[7],"produktserie":[],"trapptyp":[],"product_brand":[],"product_cat":[312],"product_tag":[],"class_list":{"0":"post-1316","1":"product","2":"type-product","3":"status-publish","4":"has-post-thumbnail","6":"produktkategori-spiraltrappor","7":"product_cat-spiraltrappor","9":"first","10":"instock","11":"taxable","12":"shipping-taxable","13":"purchasable","14":"product-type-simple"},"acf":[],"_links":{"self":[{"href":"https:\/\/dromtrappor.se.hemsida.eu\/en\/wp-json\/wp\/v2\/product\/1316","targetHints":{"allow":["GET"]}}],"collection":[{"href":"https:\/\/dromtrappor.se.hemsida.eu\/en\/wp-json\/wp\/v2\/product"}],"about":[{"href":"https:\/\/dromtrappor.se.hemsida.eu\/en\/wp-json\/wp\/v2\/types\/product"}],"replies":[{"embeddable":true,"href":"https:\/\/dromtrappor.se.hemsida.eu\/en\/wp-json\/wp\/v2\/comments?post=1316"}],"wp:featuredmedia":[{"embeddable":true,"href":"https:\/\/dromtrappor.se.hemsida.eu\/en\/wp-json\/wp\/v2\/media\/18301"}],"wp:attachment":[{"href":"https:\/\/dromtrappor.se.hemsida.eu\/en\/wp-json\/wp\/v2\/media?parent=1316"}],"wp:term":[{"taxonomy":"produktkategori","embeddable":true,"href":"https:\/\/dromtrappor.se.hemsida.eu\/en\/wp-json\/wp\/v2\/produktkategori?post=1316"},{"taxonomy":"produktserie","embeddable":true,"href":"https:\/\/dromtrappor.se.hemsida.eu\/en\/wp-json\/wp\/v2\/produktserie?post=1316"},{"taxonomy":"trapptyp","embeddable":true,"href":"https:\/\/dromtrappor.se.hemsida.eu\/en\/wp-json\/wp\/v2\/trapptyp?post=1316"},{"taxonomy":"product_brand","embeddable":true,"href":"https:\/\/dromtrappor.se.hemsida.eu\/en\/wp-json\/wp\/v2\/product_brand?post=1316"},{"taxonomy":"product_cat","embeddable":true,"href":"https:\/\/dromtrappor.se.hemsida.eu\/en\/wp-json\/wp\/v2\/product_cat?post=1316"},{"taxonomy":"product_tag","embeddable":true,"href":"https:\/\/dromtrappor.se.hemsida.eu\/en\/wp-json\/wp\/v2\/product_tag?post=1316"}],"curies":[{"name":"wp","href":"https:\/\/api.w.org\/{rel}","templated":true}]}}